{"id":741,"date":"2024-07-29T07:59:06","date_gmt":"2024-07-29T07:59:06","guid":{"rendered":"https:\/\/test.jauna.eu\/?post_type=product&#038;p=741"},"modified":"2025-04-17T13:51:01","modified_gmt":"2025-04-17T11:51:01","slug":"lauko-vazonas-betoninis-havana-1","status":"publish","type":"product","link":"https:\/\/test.jauna.eu\/en\/produktas\/lauko-vazonas-betoninis-havana-1\/","title":{"rendered":"Lauko vazonas betoninis Havana 1"},"content":{"rendered":"<div><strong>Betoninis vazonas<\/strong> \u2013 stilingas ir patvarus vazonas, atsparus bet kokioms oro s\u0105lygoms.<\/div>\n<div><\/div>\n<div>Rank\u0173 darbo betoniniai vazon\u0173 ra\u0161tai yra unikal\u016bs. Kiekvienas vazonas yra skirtingas. Vazonai pasi\u017eymi \u012fdomia architekt\u016brnio betono strukt\u016bra, t.y\u00a0 paprasti, natural\u016bs, su nedidel\u0117mis duobut\u0117mis sien\u0173 pavir\u0161iuje. \u0160ios savyb\u0117s yra ne tr\u016bkumas, o nat\u016bralumo bei i\u0161skirtinumo simbolis.<\/div>\n<div><\/div>\n<div>Vazonas yra armuotas, tod\u0117l jo konstrukcija yra ypa\u010d tvirta. Su vandens nub\u0117gimo anga.<\/div>\n<div><\/div>\n<div><strong>VAZON\u0172 PILDYMO INSTRUKCIJA<\/strong><\/div>\n<div><\/div>\n<ul>\n<li>Jei vazonas bus laikomas lauke, prie\u0161 augal\u0173 sodinim\u0105, vidin\u0117s vazono sienas reikia padengti ekstr\u016bziniu polistirenu (styroduru) ar polistireniniu puplas\u010diu (EPS100), tam, kad esant \u0161al\u010diams vazonas nesutr\u016bkin\u0117t\u0173. Rekomenduojamas storis 2-3 cm, med\u017eiagos klijuoti nereikia, pakanka tampriai \u012fsprausti, atpjovus tiksliais matmenimis.<\/li>\n<li>Vazono dugnas turi b\u016bti u\u017epildytas drena\u017einiu sluoksniu (pvz. keramzitu), tai leis augal\u0173 \u0161aknims kv\u0117puoti, o pertekliniam vandeniui i\u0161tek\u0117ti per vazono dugne esan\u010dias ertmes.<\/li>\n<\/ul>\n<div><\/div>\n<div><strong>VAZONO SLUOKSNIAI:<\/strong><\/div>\n<div><\/div>\n<div>Juod\u017eemis ar kitas substratas skirtas augalams<\/div>\n<div><\/div>\n<div>Geotekstil\u0117 150 g\/m2<\/div>\n<div>Keramzitas 10-15 cm<\/div>\n<div>Geotekstil\u0117 150 g\/m2<\/div>\n<div><\/div>\n<ul>\n<li>Vazonas turi b\u016bti pakeltas 1-3 cm nuo pagrindo, tam, kad i\u0161 jo lengvai i\u0161tek\u0117t\u0173 perteklinis vanduo.<\/li>\n<li>Tinkamai neparuo\u0161us vidini\u0173 vazono sienu\u010di\u0173 ir drena\u017eo sluoksnio, vazonas, esant \u017eemoms temperat\u016broms, gali sutr\u016bkin\u0117ti.<\/li>\n<\/ul>\n","protected":false},"excerpt":{"rendered":"<p>Pastar\u0105j\u012f de\u0161imtmet\u012f karaliauja skandinavi\u0161kas stilius, minimalizmas ir modernizmas grie\u017etomis linijomis bei vienspalviais pavir\u0161iais. M\u016bs\u0173 si\u016blomi vazonai atitinka \u0161io laiko stili\u0173 ir yra paklaus\u016bs visame pasaulyje.<\/p>\n","protected":false},"featured_media":849,"comment_status":"open","ping_status":"closed","template":"","meta":{"_acf_changed":false},"product_brand":[],"product_cat":[51],"product_tag":[],"class_list":{"0":"post-741","1":"product","2":"type-product","3":"status-publish","4":"has-post-thumbnail","6":"product_cat-vazonai","7":"pa_ilgis-74","8":"pa_plotis-66","10":"first","11":"instock","12":"taxable","13":"shipping-taxable","14":"purchasable","15":"product-type-simple"},"acf":[],"yoast_head":"<!-- This site is optimized with the Yoast SEO plugin v24.8.1 - https:\/\/yoast.com\/wordpress\/plugins\/seo\/ -->\n<title>Lauko vazonas betoninis Havana 1 - Gerbuvio Projektai<\/title>\n<meta name=\"robots\" content=\"noindex, follow, max-snippet:-1, max-image-preview:large, max-video-preview:-1\" \/>\n<meta property=\"og:locale\" content=\"en_US\" \/>\n<meta property=\"og:type\" content=\"article\" \/>\n<meta property=\"og:title\" content=\"Lauko vazonas betoninis Havana 1 - Gerbuvio Projektai\" \/>\n<meta property=\"og:description\" content=\"Pastar\u0105j\u012f de\u0161imtmet\u012f karaliauja skandinavi\u0161kas stilius, minimalizmas ir modernizmas grie\u017etomis linijomis bei vienspalviais pavir\u0161iais. M\u016bs\u0173 si\u016blomi vazonai atitinka \u0161io laiko stili\u0173 ir yra paklaus\u016bs visame pasaulyje.\" \/>\n<meta property=\"og:url\" content=\"https:\/\/test.jauna.eu\/en\/produktas\/lauko-vazonas-betoninis-havana-1\/\" \/>\n<meta property=\"og:site_name\" content=\"Gerbuvio Projektai\" \/>\n<meta property=\"article:modified_time\" content=\"2025-04-17T11:51:01+00:00\" \/>\n<meta name=\"twitter:card\" content=\"summary_large_image\" \/>\n<meta name=\"twitter:label1\" content=\"Est. reading time\" \/>\n\t<meta name=\"twitter:data1\" content=\"2 minutes\" \/>\n<script type=\"application\/ld+json\" class=\"yoast-schema-graph\">{\"@context\":\"https:\/\/schema.org\",\"@graph\":[{\"@type\":\"WebPage\",\"@id\":\"https:\/\/test.jauna.eu\/en\/produktas\/lauko-vazonas-betoninis-havana-1\/\",\"url\":\"https:\/\/test.jauna.eu\/en\/produktas\/lauko-vazonas-betoninis-havana-1\/\",\"name\":\"Lauko vazonas betoninis Havana 1 - Gerbuvio Projektai\",\"isPartOf\":{\"@id\":\"https:\/\/test.jauna.eu\/en\/#website\"},\"primaryImageOfPage\":{\"@id\":\"https:\/\/test.jauna.eu\/en\/produktas\/lauko-vazonas-betoninis-havana-1\/#primaryimage\"},\"image\":{\"@id\":\"https:\/\/test.jauna.eu\/en\/produktas\/lauko-vazonas-betoninis-havana-1\/#primaryimage\"},\"thumbnailUrl\":\"https:\/\/test.jauna.eu\/wp-content\/uploads\/2024\/07\/Layer-109-3.svg\",\"datePublished\":\"2024-07-29T07:59:06+00:00\",\"dateModified\":\"2025-04-17T11:51:01+00:00\",\"breadcrumb\":{\"@id\":\"https:\/\/test.jauna.eu\/en\/produktas\/lauko-vazonas-betoninis-havana-1\/#breadcrumb\"},\"inLanguage\":\"en-US\",\"potentialAction\":[{\"@type\":\"ReadAction\",\"target\":[\"https:\/\/test.jauna.eu\/en\/produktas\/lauko-vazonas-betoninis-havana-1\/\"]}]},{\"@type\":\"ImageObject\",\"inLanguage\":\"en-US\",\"@id\":\"https:\/\/test.jauna.eu\/en\/produktas\/lauko-vazonas-betoninis-havana-1\/#primaryimage\",\"url\":\"https:\/\/test.jauna.eu\/wp-content\/uploads\/2024\/07\/Layer-109-3.svg\",\"contentUrl\":\"https:\/\/test.jauna.eu\/wp-content\/uploads\/2024\/07\/Layer-109-3.svg\",\"width\":550,\"height\":550},{\"@type\":\"BreadcrumbList\",\"@id\":\"https:\/\/test.jauna.eu\/en\/produktas\/lauko-vazonas-betoninis-havana-1\/#breadcrumb\",\"itemListElement\":[{\"@type\":\"ListItem\",\"position\":1,\"name\":\"Home\",\"item\":\"https:\/\/test.jauna.eu\/en\/\"},{\"@type\":\"ListItem\",\"position\":2,\"name\":\"Shop\",\"item\":\"https:\/\/test.jauna.eu\/en\/shop\/\"},{\"@type\":\"ListItem\",\"position\":3,\"name\":\"Lauko vazonas betoninis Havana 1\"}]},{\"@type\":\"WebSite\",\"@id\":\"https:\/\/test.jauna.eu\/en\/#website\",\"url\":\"https:\/\/test.jauna.eu\/en\/\",\"name\":\"Gerbuvio Projektai\",\"description\":\"\",\"potentialAction\":[{\"@type\":\"SearchAction\",\"target\":{\"@type\":\"EntryPoint\",\"urlTemplate\":\"https:\/\/test.jauna.eu\/en\/?s={search_term_string}\"},\"query-input\":{\"@type\":\"PropertyValueSpecification\",\"valueRequired\":true,\"valueName\":\"search_term_string\"}}],\"inLanguage\":\"en-US\"}]}<\/script>\n<!-- \/ Yoast SEO plugin. -->","yoast_head_json":{"title":"Lauko vazonas betoninis Havana 1 - Gerbuvio Projektai","robots":{"index":"noindex","follow":"follow","max-snippet":"max-snippet:-1","max-image-preview":"max-image-preview:large","max-video-preview":"max-video-preview:-1"},"og_locale":"en_US","og_type":"article","og_title":"Lauko vazonas betoninis Havana 1 - Gerbuvio Projektai","og_description":"Pastar\u0105j\u012f de\u0161imtmet\u012f karaliauja skandinavi\u0161kas stilius, minimalizmas ir modernizmas grie\u017etomis linijomis bei vienspalviais pavir\u0161iais. M\u016bs\u0173 si\u016blomi vazonai atitinka \u0161io laiko stili\u0173 ir yra paklaus\u016bs visame pasaulyje.","og_url":"https:\/\/test.jauna.eu\/en\/produktas\/lauko-vazonas-betoninis-havana-1\/","og_site_name":"Gerbuvio Projektai","article_modified_time":"2025-04-17T11:51:01+00:00","twitter_card":"summary_large_image","twitter_misc":{"Est. reading time":"2 minutes"},"schema":{"@context":"https:\/\/schema.org","@graph":[{"@type":"WebPage","@id":"https:\/\/test.jauna.eu\/en\/produktas\/lauko-vazonas-betoninis-havana-1\/","url":"https:\/\/test.jauna.eu\/en\/produktas\/lauko-vazonas-betoninis-havana-1\/","name":"Lauko vazonas betoninis Havana 1 - Gerbuvio Projektai","isPartOf":{"@id":"https:\/\/test.jauna.eu\/en\/#website"},"primaryImageOfPage":{"@id":"https:\/\/test.jauna.eu\/en\/produktas\/lauko-vazonas-betoninis-havana-1\/#primaryimage"},"image":{"@id":"https:\/\/test.jauna.eu\/en\/produktas\/lauko-vazonas-betoninis-havana-1\/#primaryimage"},"thumbnailUrl":"https:\/\/test.jauna.eu\/wp-content\/uploads\/2024\/07\/Layer-109-3.svg","datePublished":"2024-07-29T07:59:06+00:00","dateModified":"2025-04-17T11:51:01+00:00","breadcrumb":{"@id":"https:\/\/test.jauna.eu\/en\/produktas\/lauko-vazonas-betoninis-havana-1\/#breadcrumb"},"inLanguage":"en-US","potentialAction":[{"@type":"ReadAction","target":["https:\/\/test.jauna.eu\/en\/produktas\/lauko-vazonas-betoninis-havana-1\/"]}]},{"@type":"ImageObject","inLanguage":"en-US","@id":"https:\/\/test.jauna.eu\/en\/produktas\/lauko-vazonas-betoninis-havana-1\/#primaryimage","url":"https:\/\/test.jauna.eu\/wp-content\/uploads\/2024\/07\/Layer-109-3.svg","contentUrl":"https:\/\/test.jauna.eu\/wp-content\/uploads\/2024\/07\/Layer-109-3.svg","width":550,"height":550},{"@type":"BreadcrumbList","@id":"https:\/\/test.jauna.eu\/en\/produktas\/lauko-vazonas-betoninis-havana-1\/#breadcrumb","itemListElement":[{"@type":"ListItem","position":1,"name":"Home","item":"https:\/\/test.jauna.eu\/en\/"},{"@type":"ListItem","position":2,"name":"Shop","item":"https:\/\/test.jauna.eu\/en\/shop\/"},{"@type":"ListItem","position":3,"name":"Lauko vazonas betoninis Havana 1"}]},{"@type":"WebSite","@id":"https:\/\/test.jauna.eu\/en\/#website","url":"https:\/\/test.jauna.eu\/en\/","name":"Gerbuvio Projektai","description":"","potentialAction":[{"@type":"SearchAction","target":{"@type":"EntryPoint","urlTemplate":"https:\/\/test.jauna.eu\/en\/?s={search_term_string}"},"query-input":{"@type":"PropertyValueSpecification","valueRequired":true,"valueName":"search_term_string"}}],"inLanguage":"en-US"}]}},"_links":{"self":[{"href":"https:\/\/test.jauna.eu\/en\/wp-json\/wp\/v2\/product\/741","targetHints":{"allow":["GET"]}}],"collection":[{"href":"https:\/\/test.jauna.eu\/en\/wp-json\/wp\/v2\/product"}],"about":[{"href":"https:\/\/test.jauna.eu\/en\/wp-json\/wp\/v2\/types\/product"}],"replies":[{"embeddable":true,"href":"https:\/\/test.jauna.eu\/en\/wp-json\/wp\/v2\/comments?post=741"}],"wp:featuredmedia":[{"embeddable":true,"href":"https:\/\/test.jauna.eu\/en\/wp-json\/wp\/v2\/media\/849"}],"wp:attachment":[{"href":"https:\/\/test.jauna.eu\/en\/wp-json\/wp\/v2\/media?parent=741"}],"wp:term":[{"taxonomy":"product_brand","embeddable":true,"href":"https:\/\/test.jauna.eu\/en\/wp-json\/wp\/v2\/product_brand?post=741"},{"taxonomy":"product_cat","embeddable":true,"href":"https:\/\/test.jauna.eu\/en\/wp-json\/wp\/v2\/product_cat?post=741"},{"taxonomy":"product_tag","embeddable":true,"href":"https:\/\/test.jauna.eu\/en\/wp-json\/wp\/v2\/product_tag?post=741"}],"curies":[{"name":"wp","href":"https:\/\/api.w.org\/{rel}","templated":true}]}}