{"id":796,"date":"2024-07-29T08:05:45","date_gmt":"2024-07-29T08:05:45","guid":{"rendered":"https:\/\/test.jauna.eu\/produktas\/wpc-tvoralentes-2\/"},"modified":"2025-04-14T23:00:59","modified_gmt":"2025-04-14T21:00:59","slug":"wpc-tvoralentes-2","status":"publish","type":"product","link":"https:\/\/test.jauna.eu\/en\/produktas\/wpc-tvoralentes-2\/","title":{"rendered":"Wpc Tvoralent\u0117s #2"},"content":{"rendered":"","protected":false},"excerpt":{"rendered":"<p>Pastar\u0105j\u012f de\u0161imtmet\u012f karaliauja skandinavi\u0161kas stilius, minimalizmas ir modernizmas grie\u017etomis linijomis bei vienspalviais pavir\u0161iais. M\u016bs\u0173 si\u016blomi vazonai atitinka \u0161io laiko stili\u0173 ir yra paklaus\u016bs visame pasaulyje.<\/p>\n","protected":false},"featured_media":764,"comment_status":"open","ping_status":"closed","template":"","meta":{"_acf_changed":false},"product_brand":[],"product_cat":[53,50,54,52,57],"product_tag":[],"class_list":{"0":"post-796","1":"product","2":"type-product","3":"status-publish","4":"has-post-thumbnail","6":"product_cat-betonines-skulpturos","7":"product_cat-borteliai","8":"product_cat-karjerine-produkcija","9":"product_cat-suoleliai","10":"product_cat-testas","11":"pa_ilgis-62","12":"pa_pavirsiaus-tekstura-be-imitacijos","13":"pa_pavirsiaus-tekstura-betono-imitacija","14":"pa_pavirsiaus-tekstura-medzio-imitacija","15":"pa_plotis-69","16":"pa_spalva-balta","17":"pa_spalva-juoda","18":"pa_spalva-raudona","20":"first","21":"outofstock","22":"taxable","23":"shipping-taxable","24":"product-type-variable"},"acf":[],"yoast_head":"<!-- This site is optimized with the Yoast SEO plugin v24.8.1 - https:\/\/yoast.com\/wordpress\/plugins\/seo\/ -->\n<title>Wpc Tvoralent\u0117s #2 - Gerbuvio Projektai<\/title>\n<meta name=\"robots\" content=\"noindex, follow, max-snippet:-1, max-image-preview:large, max-video-preview:-1\" \/>\n<meta property=\"og:locale\" content=\"en_US\" \/>\n<meta property=\"og:type\" content=\"article\" \/>\n<meta property=\"og:title\" content=\"Wpc Tvoralent\u0117s #2 - Gerbuvio Projektai\" \/>\n<meta property=\"og:description\" content=\"Pastar\u0105j\u012f de\u0161imtmet\u012f karaliauja skandinavi\u0161kas stilius, minimalizmas ir modernizmas grie\u017etomis linijomis bei vienspalviais pavir\u0161iais. M\u016bs\u0173 si\u016blomi vazonai atitinka \u0161io laiko stili\u0173 ir yra paklaus\u016bs visame pasaulyje.\" \/>\n<meta property=\"og:url\" content=\"https:\/\/test.jauna.eu\/en\/produktas\/wpc-tvoralentes-2\/\" \/>\n<meta property=\"og:site_name\" content=\"Gerbuvio Projektai\" \/>\n<meta property=\"article:modified_time\" content=\"2025-04-14T21:00:59+00:00\" \/>\n<meta name=\"twitter:card\" content=\"summary_large_image\" \/>\n<meta name=\"twitter:label1\" content=\"Est. reading time\" \/>\n\t<meta name=\"twitter:data1\" content=\"1 minute\" \/>\n<script type=\"application\/ld+json\" class=\"yoast-schema-graph\">{\"@context\":\"https:\/\/schema.org\",\"@graph\":[{\"@type\":\"WebPage\",\"@id\":\"https:\/\/test.jauna.eu\/en\/produktas\/wpc-tvoralentes-2\/\",\"url\":\"https:\/\/test.jauna.eu\/en\/produktas\/wpc-tvoralentes-2\/\",\"name\":\"Wpc Tvoralent\u0117s #2 - Gerbuvio Projektai\",\"isPartOf\":{\"@id\":\"https:\/\/test.jauna.eu\/en\/#website\"},\"primaryImageOfPage\":{\"@id\":\"https:\/\/test.jauna.eu\/en\/produktas\/wpc-tvoralentes-2\/#primaryimage\"},\"image\":{\"@id\":\"https:\/\/test.jauna.eu\/en\/produktas\/wpc-tvoralentes-2\/#primaryimage\"},\"thumbnailUrl\":\"https:\/\/test.jauna.eu\/wp-content\/uploads\/2024\/07\/Layer-117.svg\",\"datePublished\":\"2024-07-29T08:05:45+00:00\",\"dateModified\":\"2025-04-14T21:00:59+00:00\",\"breadcrumb\":{\"@id\":\"https:\/\/test.jauna.eu\/en\/produktas\/wpc-tvoralentes-2\/#breadcrumb\"},\"inLanguage\":\"en-US\",\"potentialAction\":[{\"@type\":\"ReadAction\",\"target\":[\"https:\/\/test.jauna.eu\/en\/produktas\/wpc-tvoralentes-2\/\"]}]},{\"@type\":\"ImageObject\",\"inLanguage\":\"en-US\",\"@id\":\"https:\/\/test.jauna.eu\/en\/produktas\/wpc-tvoralentes-2\/#primaryimage\",\"url\":\"https:\/\/test.jauna.eu\/wp-content\/uploads\/2024\/07\/Layer-117.svg\",\"contentUrl\":\"https:\/\/test.jauna.eu\/wp-content\/uploads\/2024\/07\/Layer-117.svg\",\"width\":450,\"height\":538},{\"@type\":\"BreadcrumbList\",\"@id\":\"https:\/\/test.jauna.eu\/en\/produktas\/wpc-tvoralentes-2\/#breadcrumb\",\"itemListElement\":[{\"@type\":\"ListItem\",\"position\":1,\"name\":\"Home\",\"item\":\"https:\/\/test.jauna.eu\/en\/\"},{\"@type\":\"ListItem\",\"position\":2,\"name\":\"Shop\",\"item\":\"https:\/\/test.jauna.eu\/en\/shop\/\"},{\"@type\":\"ListItem\",\"position\":3,\"name\":\"Wpc Tvoralent\u0117s #2\"}]},{\"@type\":\"WebSite\",\"@id\":\"https:\/\/test.jauna.eu\/en\/#website\",\"url\":\"https:\/\/test.jauna.eu\/en\/\",\"name\":\"Gerbuvio Projektai\",\"description\":\"\",\"potentialAction\":[{\"@type\":\"SearchAction\",\"target\":{\"@type\":\"EntryPoint\",\"urlTemplate\":\"https:\/\/test.jauna.eu\/en\/?s={search_term_string}\"},\"query-input\":{\"@type\":\"PropertyValueSpecification\",\"valueRequired\":true,\"valueName\":\"search_term_string\"}}],\"inLanguage\":\"en-US\"}]}<\/script>\n<!-- \/ Yoast SEO plugin. -->","yoast_head_json":{"title":"Wpc Tvoralent\u0117s #2 - Gerbuvio Projektai","robots":{"index":"noindex","follow":"follow","max-snippet":"max-snippet:-1","max-image-preview":"max-image-preview:large","max-video-preview":"max-video-preview:-1"},"og_locale":"en_US","og_type":"article","og_title":"Wpc Tvoralent\u0117s #2 - Gerbuvio Projektai","og_description":"Pastar\u0105j\u012f de\u0161imtmet\u012f karaliauja skandinavi\u0161kas stilius, minimalizmas ir modernizmas grie\u017etomis linijomis bei vienspalviais pavir\u0161iais. M\u016bs\u0173 si\u016blomi vazonai atitinka \u0161io laiko stili\u0173 ir yra paklaus\u016bs visame pasaulyje.","og_url":"https:\/\/test.jauna.eu\/en\/produktas\/wpc-tvoralentes-2\/","og_site_name":"Gerbuvio Projektai","article_modified_time":"2025-04-14T21:00:59+00:00","twitter_card":"summary_large_image","twitter_misc":{"Est. reading time":"1 minute"},"schema":{"@context":"https:\/\/schema.org","@graph":[{"@type":"WebPage","@id":"https:\/\/test.jauna.eu\/en\/produktas\/wpc-tvoralentes-2\/","url":"https:\/\/test.jauna.eu\/en\/produktas\/wpc-tvoralentes-2\/","name":"Wpc Tvoralent\u0117s #2 - Gerbuvio Projektai","isPartOf":{"@id":"https:\/\/test.jauna.eu\/en\/#website"},"primaryImageOfPage":{"@id":"https:\/\/test.jauna.eu\/en\/produktas\/wpc-tvoralentes-2\/#primaryimage"},"image":{"@id":"https:\/\/test.jauna.eu\/en\/produktas\/wpc-tvoralentes-2\/#primaryimage"},"thumbnailUrl":"https:\/\/test.jauna.eu\/wp-content\/uploads\/2024\/07\/Layer-117.svg","datePublished":"2024-07-29T08:05:45+00:00","dateModified":"2025-04-14T21:00:59+00:00","breadcrumb":{"@id":"https:\/\/test.jauna.eu\/en\/produktas\/wpc-tvoralentes-2\/#breadcrumb"},"inLanguage":"en-US","potentialAction":[{"@type":"ReadAction","target":["https:\/\/test.jauna.eu\/en\/produktas\/wpc-tvoralentes-2\/"]}]},{"@type":"ImageObject","inLanguage":"en-US","@id":"https:\/\/test.jauna.eu\/en\/produktas\/wpc-tvoralentes-2\/#primaryimage","url":"https:\/\/test.jauna.eu\/wp-content\/uploads\/2024\/07\/Layer-117.svg","contentUrl":"https:\/\/test.jauna.eu\/wp-content\/uploads\/2024\/07\/Layer-117.svg","width":450,"height":538},{"@type":"BreadcrumbList","@id":"https:\/\/test.jauna.eu\/en\/produktas\/wpc-tvoralentes-2\/#breadcrumb","itemListElement":[{"@type":"ListItem","position":1,"name":"Home","item":"https:\/\/test.jauna.eu\/en\/"},{"@type":"ListItem","position":2,"name":"Shop","item":"https:\/\/test.jauna.eu\/en\/shop\/"},{"@type":"ListItem","position":3,"name":"Wpc Tvoralent\u0117s #2"}]},{"@type":"WebSite","@id":"https:\/\/test.jauna.eu\/en\/#website","url":"https:\/\/test.jauna.eu\/en\/","name":"Gerbuvio Projektai","description":"","potentialAction":[{"@type":"SearchAction","target":{"@type":"EntryPoint","urlTemplate":"https:\/\/test.jauna.eu\/en\/?s={search_term_string}"},"query-input":{"@type":"PropertyValueSpecification","valueRequired":true,"valueName":"search_term_string"}}],"inLanguage":"en-US"}]}},"_links":{"self":[{"href":"https:\/\/test.jauna.eu\/en\/wp-json\/wp\/v2\/product\/796","targetHints":{"allow":["GET"]}}],"collection":[{"href":"https:\/\/test.jauna.eu\/en\/wp-json\/wp\/v2\/product"}],"about":[{"href":"https:\/\/test.jauna.eu\/en\/wp-json\/wp\/v2\/types\/product"}],"replies":[{"embeddable":true,"href":"https:\/\/test.jauna.eu\/en\/wp-json\/wp\/v2\/comments?post=796"}],"wp:featuredmedia":[{"embeddable":true,"href":"https:\/\/test.jauna.eu\/en\/wp-json\/wp\/v2\/media\/764"}],"wp:attachment":[{"href":"https:\/\/test.jauna.eu\/en\/wp-json\/wp\/v2\/media?parent=796"}],"wp:term":[{"taxonomy":"product_brand","embeddable":true,"href":"https:\/\/test.jauna.eu\/en\/wp-json\/wp\/v2\/product_brand?post=796"},{"taxonomy":"product_cat","embeddable":true,"href":"https:\/\/test.jauna.eu\/en\/wp-json\/wp\/v2\/product_cat?post=796"},{"taxonomy":"product_tag","embeddable":true,"href":"https:\/\/test.jauna.eu\/en\/wp-json\/wp\/v2\/product_tag?post=796"}],"curies":[{"name":"wp","href":"https:\/\/api.w.org\/{rel}","templated":true}]}}