{"id":870,"date":"2024-08-05T12:46:05","date_gmt":"2024-08-05T12:46:05","guid":{"rendered":"https:\/\/test.jauna.eu\/?post_type=product&#038;p=870"},"modified":"2025-04-16T12:17:56","modified_gmt":"2025-04-16T10:17:56","slug":"wpc-tvoralentes-4","status":"publish","type":"product","link":"https:\/\/test.jauna.eu\/en\/produktas\/wpc-tvoralentes-4\/","title":{"rendered":"Wpc Tvoralent\u0117s #4"},"content":{"rendered":"<p>Hot Wheels &#8211; tikras \u017eaisl\u0173 berniukams rojus! J\u012f ma\u017eyliams kuria viena did\u017eiausi\u0173 pasaulyje \u017eaisl\u0173 gamintoj\u0173 MATTEL, puikiai \u017einanti, kaip su\u017eav\u0117ti net ir visko ma\u010diusius vaiku\u010dius. Patys gamintojai sako, jog inovatorius, raket\u0173 mokslo specialistas ir automobili\u0173 in\u017einierius, sujung\u0119 j\u0117gas, atne\u0161\u0117 tikr\u0105 revoliucij\u0105 \u012f \u017eaisl\u0173 pasaul\u012f. Mes su tuo nesigin\u010dijame ir tik nuolankiai linksime galv\u0105 &#8211; Hot Wheels &#8211; kupini \u012fdomybi\u0173 ir linksmybi\u0173.<\/p>\n<p>Hot Wheels &#8211; tai \u012fvairiausi\u0173 modeli\u0173 automobiliai, suteikiantys galimyb\u0119 berniukams i\u0161bandyti savo j\u0117gas lenktyni\u0173 trasose! Jaunieji lenktynininkai tur\u0117s galimyb\u0119 atlikti kvap\u0105 gniau\u017eian\u010dius triukus ir patirs daugyb\u0119 i\u0161\u0161\u016bki\u0173 lenktyn\u0117se, o taip pat gal\u0117s sukaupt\u0105 transporto priemoni\u0173 kolekcij\u0105 priparkuoti \u012fsp\u016bdingo dyd\u017eio gara\u017ee arba automobiliais apsikeisti su draugais. Tai &#8211; atskiras, veiklos nestokojantis pasaulis, kuriame kiekvienas berniukas gal\u0117s atrasti save!<\/p>\n<p>Daugiau kaip pus\u0161imt\u012f met\u0173 gyvuojantis prekinis \u017eenklas peln\u0117 viso pasaulio berniuk\u0173 simpatijas, o prie\u0161 keliolika met\u0173 i\u0161leistas animacinis filmas dar labiau su\u017eadino j\u0173 tro\u0161kim\u0105 savo kambar\u012f paversti \u012fsp\u016bdinga Hot Wheels trasa. Jums tok\u012f ma\u017eyli\u0173 nor\u0105 \u012fgyvendinti tikrai nebus sunku: tarp Hot Wheels preki\u0173 rasite ne tik unikalius automobili\u0173 modelius, bet ir d\u0117liones, kuprines, lavinam\u0105sias knygutes ir kitus smagius u\u017esi\u0117mimus. Leiskite ma\u017eyliams pasijusti tikrais lenktyni\u0173 profesionalais!<\/p>\n<p>Kiekvienas i\u0161 \u012fk\u016br\u0117j\u0173 vadovavosi tomis pa\u010diomis vertyb\u0117mis ir juos siejo tokie patys tikslai &#8211; kurti, vardan galingo dizaino, inovacij\u0173 ir \u017eaidim\u0173. Ar jiems pavyko? Sutikite &#8211; paneigti ne\u012fmanoma.<\/p>\n","protected":false},"excerpt":{"rendered":"<p>Pastar\u0105j\u012f de\u0161imtmet\u012f karaliauja skandinavi\u0161kas stilius, minimalizmas ir modernizmas grie\u017etomis linijomis bei vienspalviais pavir\u0161iais. M\u016bs\u0173 si\u016blomi vazonai atitinka \u0161io laiko stili\u0173 ir yra paklaus\u016bs visame pasaulyje.<\/p>\n","protected":false},"featured_media":764,"comment_status":"open","ping_status":"closed","template":"","meta":{"_acf_changed":false},"product_brand":[],"product_cat":[53,50,54,52,57],"product_tag":[],"class_list":{"0":"post-870","1":"product","2":"type-product","3":"status-publish","4":"has-post-thumbnail","6":"product_cat-betonines-skulpturos","7":"product_cat-borteliai","8":"product_cat-karjerine-produkcija","9":"product_cat-suoleliai","10":"product_cat-testas","11":"pa_ilgis-62","12":"pa_pavirsiaus-tekstura-be-imitacijos","13":"pa_pavirsiaus-tekstura-betono-imitacija","14":"pa_pavirsiaus-tekstura-medzio-imitacija","15":"pa_plotis-69","16":"pa_spalva-balta","17":"pa_spalva-juoda","18":"pa_spalva-raudona","20":"first","21":"instock","22":"sale","23":"taxable","24":"shipping-taxable","25":"purchasable","26":"product-type-simple"},"acf":[],"yoast_head":"<!-- This site is optimized with the Yoast SEO plugin v24.8.1 - https:\/\/yoast.com\/wordpress\/plugins\/seo\/ -->\n<title>Wpc Tvoralent\u0117s #4 - Gerbuvio Projektai<\/title>\n<meta name=\"robots\" content=\"noindex, follow, max-snippet:-1, max-image-preview:large, max-video-preview:-1\" \/>\n<meta property=\"og:locale\" content=\"en_US\" \/>\n<meta property=\"og:type\" content=\"article\" \/>\n<meta property=\"og:title\" content=\"Wpc Tvoralent\u0117s #4 - Gerbuvio Projektai\" \/>\n<meta property=\"og:description\" content=\"Pastar\u0105j\u012f de\u0161imtmet\u012f karaliauja skandinavi\u0161kas stilius, minimalizmas ir modernizmas grie\u017etomis linijomis bei vienspalviais pavir\u0161iais. M\u016bs\u0173 si\u016blomi vazonai atitinka \u0161io laiko stili\u0173 ir yra paklaus\u016bs visame pasaulyje.\" \/>\n<meta property=\"og:url\" content=\"https:\/\/test.jauna.eu\/en\/produktas\/wpc-tvoralentes-4\/\" \/>\n<meta property=\"og:site_name\" content=\"Gerbuvio Projektai\" \/>\n<meta property=\"article:modified_time\" content=\"2025-04-16T10:17:56+00:00\" \/>\n<meta name=\"twitter:card\" content=\"summary_large_image\" \/>\n<meta name=\"twitter:label1\" content=\"Est. reading time\" \/>\n\t<meta name=\"twitter:data1\" content=\"2 minutes\" \/>\n<script type=\"application\/ld+json\" class=\"yoast-schema-graph\">{\"@context\":\"https:\/\/schema.org\",\"@graph\":[{\"@type\":\"WebPage\",\"@id\":\"https:\/\/test.jauna.eu\/en\/produktas\/wpc-tvoralentes-4\/\",\"url\":\"https:\/\/test.jauna.eu\/en\/produktas\/wpc-tvoralentes-4\/\",\"name\":\"Wpc Tvoralent\u0117s #4 - Gerbuvio Projektai\",\"isPartOf\":{\"@id\":\"https:\/\/test.jauna.eu\/en\/#website\"},\"primaryImageOfPage\":{\"@id\":\"https:\/\/test.jauna.eu\/en\/produktas\/wpc-tvoralentes-4\/#primaryimage\"},\"image\":{\"@id\":\"https:\/\/test.jauna.eu\/en\/produktas\/wpc-tvoralentes-4\/#primaryimage\"},\"thumbnailUrl\":\"https:\/\/test.jauna.eu\/wp-content\/uploads\/2024\/07\/Layer-117.svg\",\"datePublished\":\"2024-08-05T12:46:05+00:00\",\"dateModified\":\"2025-04-16T10:17:56+00:00\",\"breadcrumb\":{\"@id\":\"https:\/\/test.jauna.eu\/en\/produktas\/wpc-tvoralentes-4\/#breadcrumb\"},\"inLanguage\":\"en-US\",\"potentialAction\":[{\"@type\":\"ReadAction\",\"target\":[\"https:\/\/test.jauna.eu\/en\/produktas\/wpc-tvoralentes-4\/\"]}]},{\"@type\":\"ImageObject\",\"inLanguage\":\"en-US\",\"@id\":\"https:\/\/test.jauna.eu\/en\/produktas\/wpc-tvoralentes-4\/#primaryimage\",\"url\":\"https:\/\/test.jauna.eu\/wp-content\/uploads\/2024\/07\/Layer-117.svg\",\"contentUrl\":\"https:\/\/test.jauna.eu\/wp-content\/uploads\/2024\/07\/Layer-117.svg\",\"width\":450,\"height\":538},{\"@type\":\"BreadcrumbList\",\"@id\":\"https:\/\/test.jauna.eu\/en\/produktas\/wpc-tvoralentes-4\/#breadcrumb\",\"itemListElement\":[{\"@type\":\"ListItem\",\"position\":1,\"name\":\"Home\",\"item\":\"https:\/\/test.jauna.eu\/en\/\"},{\"@type\":\"ListItem\",\"position\":2,\"name\":\"Shop\",\"item\":\"https:\/\/test.jauna.eu\/en\/shop\/\"},{\"@type\":\"ListItem\",\"position\":3,\"name\":\"Wpc Tvoralent\u0117s #4\"}]},{\"@type\":\"WebSite\",\"@id\":\"https:\/\/test.jauna.eu\/en\/#website\",\"url\":\"https:\/\/test.jauna.eu\/en\/\",\"name\":\"Gerbuvio Projektai\",\"description\":\"\",\"potentialAction\":[{\"@type\":\"SearchAction\",\"target\":{\"@type\":\"EntryPoint\",\"urlTemplate\":\"https:\/\/test.jauna.eu\/en\/?s={search_term_string}\"},\"query-input\":{\"@type\":\"PropertyValueSpecification\",\"valueRequired\":true,\"valueName\":\"search_term_string\"}}],\"inLanguage\":\"en-US\"}]}<\/script>\n<!-- \/ Yoast SEO plugin. -->","yoast_head_json":{"title":"Wpc Tvoralent\u0117s #4 - Gerbuvio Projektai","robots":{"index":"noindex","follow":"follow","max-snippet":"max-snippet:-1","max-image-preview":"max-image-preview:large","max-video-preview":"max-video-preview:-1"},"og_locale":"en_US","og_type":"article","og_title":"Wpc Tvoralent\u0117s #4 - Gerbuvio Projektai","og_description":"Pastar\u0105j\u012f de\u0161imtmet\u012f karaliauja skandinavi\u0161kas stilius, minimalizmas ir modernizmas grie\u017etomis linijomis bei vienspalviais pavir\u0161iais. M\u016bs\u0173 si\u016blomi vazonai atitinka \u0161io laiko stili\u0173 ir yra paklaus\u016bs visame pasaulyje.","og_url":"https:\/\/test.jauna.eu\/en\/produktas\/wpc-tvoralentes-4\/","og_site_name":"Gerbuvio Projektai","article_modified_time":"2025-04-16T10:17:56+00:00","twitter_card":"summary_large_image","twitter_misc":{"Est. reading time":"2 minutes"},"schema":{"@context":"https:\/\/schema.org","@graph":[{"@type":"WebPage","@id":"https:\/\/test.jauna.eu\/en\/produktas\/wpc-tvoralentes-4\/","url":"https:\/\/test.jauna.eu\/en\/produktas\/wpc-tvoralentes-4\/","name":"Wpc Tvoralent\u0117s #4 - Gerbuvio Projektai","isPartOf":{"@id":"https:\/\/test.jauna.eu\/en\/#website"},"primaryImageOfPage":{"@id":"https:\/\/test.jauna.eu\/en\/produktas\/wpc-tvoralentes-4\/#primaryimage"},"image":{"@id":"https:\/\/test.jauna.eu\/en\/produktas\/wpc-tvoralentes-4\/#primaryimage"},"thumbnailUrl":"https:\/\/test.jauna.eu\/wp-content\/uploads\/2024\/07\/Layer-117.svg","datePublished":"2024-08-05T12:46:05+00:00","dateModified":"2025-04-16T10:17:56+00:00","breadcrumb":{"@id":"https:\/\/test.jauna.eu\/en\/produktas\/wpc-tvoralentes-4\/#breadcrumb"},"inLanguage":"en-US","potentialAction":[{"@type":"ReadAction","target":["https:\/\/test.jauna.eu\/en\/produktas\/wpc-tvoralentes-4\/"]}]},{"@type":"ImageObject","inLanguage":"en-US","@id":"https:\/\/test.jauna.eu\/en\/produktas\/wpc-tvoralentes-4\/#primaryimage","url":"https:\/\/test.jauna.eu\/wp-content\/uploads\/2024\/07\/Layer-117.svg","contentUrl":"https:\/\/test.jauna.eu\/wp-content\/uploads\/2024\/07\/Layer-117.svg","width":450,"height":538},{"@type":"BreadcrumbList","@id":"https:\/\/test.jauna.eu\/en\/produktas\/wpc-tvoralentes-4\/#breadcrumb","itemListElement":[{"@type":"ListItem","position":1,"name":"Home","item":"https:\/\/test.jauna.eu\/en\/"},{"@type":"ListItem","position":2,"name":"Shop","item":"https:\/\/test.jauna.eu\/en\/shop\/"},{"@type":"ListItem","position":3,"name":"Wpc Tvoralent\u0117s #4"}]},{"@type":"WebSite","@id":"https:\/\/test.jauna.eu\/en\/#website","url":"https:\/\/test.jauna.eu\/en\/","name":"Gerbuvio Projektai","description":"","potentialAction":[{"@type":"SearchAction","target":{"@type":"EntryPoint","urlTemplate":"https:\/\/test.jauna.eu\/en\/?s={search_term_string}"},"query-input":{"@type":"PropertyValueSpecification","valueRequired":true,"valueName":"search_term_string"}}],"inLanguage":"en-US"}]}},"_links":{"self":[{"href":"https:\/\/test.jauna.eu\/en\/wp-json\/wp\/v2\/product\/870","targetHints":{"allow":["GET"]}}],"collection":[{"href":"https:\/\/test.jauna.eu\/en\/wp-json\/wp\/v2\/product"}],"about":[{"href":"https:\/\/test.jauna.eu\/en\/wp-json\/wp\/v2\/types\/product"}],"replies":[{"embeddable":true,"href":"https:\/\/test.jauna.eu\/en\/wp-json\/wp\/v2\/comments?post=870"}],"wp:featuredmedia":[{"embeddable":true,"href":"https:\/\/test.jauna.eu\/en\/wp-json\/wp\/v2\/media\/764"}],"wp:attachment":[{"href":"https:\/\/test.jauna.eu\/en\/wp-json\/wp\/v2\/media?parent=870"}],"wp:term":[{"taxonomy":"product_brand","embeddable":true,"href":"https:\/\/test.jauna.eu\/en\/wp-json\/wp\/v2\/product_brand?post=870"},{"taxonomy":"product_cat","embeddable":true,"href":"https:\/\/test.jauna.eu\/en\/wp-json\/wp\/v2\/product_cat?post=870"},{"taxonomy":"product_tag","embeddable":true,"href":"https:\/\/test.jauna.eu\/en\/wp-json\/wp\/v2\/product_tag?post=870"}],"curies":[{"name":"wp","href":"https:\/\/api.w.org\/{rel}","templated":true}]}}